{"id":1691,"date":"2023-05-13T17:11:13","date_gmt":"2023-05-13T17:11:13","guid":{"rendered":"https:\/\/nra.pt\/?page_id=1691"},"modified":"2023-05-14T16:09:12","modified_gmt":"2023-05-14T16:09:12","slug":"diploma-do-dia-da-marinha-2023","status":"publish","type":"page","link":"https:\/\/nra.pt\/index.php\/diploma-cq5mgp\/diploma-do-dia-da-marinha-2023\/","title":{"rendered":"Diploma do Dia da Marinha 2023"},"content":{"rendered":"\n<p class=\"has-text-align-center\"><strong>Diploma do Dia da Marinha 2023<\/strong><\/p>\n\n\n\n<p>O Diploma do Dia da Marinha \u00e9 um Diploma de cariz internacional que acontece anualmente em Maio e que se pretende ser o mais participado poss\u00edvel.<br>Integra-se nas comemora\u00e7\u00f5es do Dia da Marinha Portuguesa, que celebra a chegada da Armada de Vasco da Gama \u00e0 \u00cdndia.<br>O Diploma \u00e9 aberto a todos os radioamadores.<\/p>\n\n\n\n<p><strong>Per\u00edodo<\/strong><br>20 de Maio 00:01 UTC at\u00e9 21 Maio 23:59 UTC.<\/p>\n\n\n\n<p><strong>Modos<\/strong><br>CW, SSB, FT8<br>Modo Misto: qualquer combina\u00e7\u00e3o de modos.<\/p>\n\n\n\n<p><strong>Esta\u00e7\u00f5es activas<\/strong><br>CS5NRA CS5DFG CS5SUB<\/p>\n\n\n\n<p>Para obter acesso ao diploma tem de efetuar contacto com as esta\u00e7\u00f5es ativas em qualquer combina\u00e7\u00e3o de modos.<br>Para descarregar o diploma tem que aceder a \u00e1rea de descarregamento introduzindo o indicativo usado para os contactos.<br>N\u00e3o \u00e9 necess\u00e1rio enviar qualquer ficheiro de log.<\/p>\n\n\n\n<figure class=\"wp-block-image aligncenter size-large\"><img loading=\"lazy\" decoding=\"async\" width=\"1024\" height=\"722\" src=\"https:\/\/nra.pt\/wp-content\/uploads\/2023\/05\/Diploma_2023-1-1024x722.jpg\" alt=\"\" class=\"wp-image-1698\" srcset=\"https:\/\/nra.pt\/wp-content\/uploads\/2023\/05\/Diploma_2023-1-1024x722.jpg 1024w, https:\/\/nra.pt\/wp-content\/uploads\/2023\/05\/Diploma_2023-1-300x211.jpg 300w, https:\/\/nra.pt\/wp-content\/uploads\/2023\/05\/Diploma_2023-1-768x541.jpg 768w, https:\/\/nra.pt\/wp-content\/uploads\/2023\/05\/Diploma_2023-1-1536x1083.jpg 1536w, https:\/\/nra.pt\/wp-content\/uploads\/2023\/05\/Diploma_2023-1-2048x1444.jpg 2048w\" sizes=\"auto, (max-width: 1024px) 100vw, 1024px\" \/><\/figure>\n","protected":false},"excerpt":{"rendered":"<p>Diploma do Dia da Marinha 2023 O Diploma do Dia da Marinha \u00e9 um Diploma de cariz internacional que acontece<\/p>\n","protected":false},"author":1,"featured_media":0,"parent":533,"menu_order":0,"comment_status":"closed","ping_status":"closed","template":"","meta":{"colormag_page_container_layout":"default_layout","colormag_page_sidebar_layout":"default_layout","footnotes":""},"class_list":["post-1691","page","type-page","status-publish","hentry"],"publishpress_future_workflow_manual_trigger":{"enabledWorkflows":[]},"_links":{"self":[{"href":"https:\/\/nra.pt\/index.php\/wp-json\/wp\/v2\/pages\/1691","targetHints":{"allow":["GET"]}}],"collection":[{"href":"https:\/\/nra.pt\/index.php\/wp-json\/wp\/v2\/pages"}],"about":[{"href":"https:\/\/nra.pt\/index.php\/wp-json\/wp\/v2\/types\/page"}],"author":[{"embeddable":true,"href":"https:\/\/nra.pt\/index.php\/wp-json\/wp\/v2\/users\/1"}],"replies":[{"embeddable":true,"href":"https:\/\/nra.pt\/index.php\/wp-json\/wp\/v2\/comments?post=1691"}],"version-history":[{"count":3,"href":"https:\/\/nra.pt\/index.php\/wp-json\/wp\/v2\/pages\/1691\/revisions"}],"predecessor-version":[{"id":1699,"href":"https:\/\/nra.pt\/index.php\/wp-json\/wp\/v2\/pages\/1691\/revisions\/1699"}],"up":[{"embeddable":true,"href":"https:\/\/nra.pt\/index.php\/wp-json\/wp\/v2\/pages\/533"}],"wp:attachment":[{"href":"https:\/\/nra.pt\/index.php\/wp-json\/wp\/v2\/media?parent=1691"}],"curies":[{"name":"wp","href":"https:\/\/api.w.org\/{rel}","templated":true}]}}