{"id":1367,"date":"2022-04-07T19:17:08","date_gmt":"2022-04-07T19:17:08","guid":{"rendered":"https:\/\/nra.pt\/?page_id=1367"},"modified":"2022-04-07T19:49:58","modified_gmt":"2022-04-07T19:49:58","slug":"cookie-policy","status":"publish","type":"page","link":"https:\/\/nra.pt\/index.php\/cookie-policy\/","title":{"rendered":"Pol\u00edtica de cookies"},"content":{"rendered":"<div class=\"cli_pg_page_contaner\">\n<h3>Acerca desta pol\u00edtica de cookies<\/h3>\n<div style=\"text-align: justify;\">Esta Pol\u00edtica de Cookies explica o que s\u00e3o cookies e como os usamos no NRA, os tipos de cookies que usamos, ou seja, as informa\u00e7\u00f5es que recolhemos usando cookies e como essas informa\u00e7\u00f5es s\u00e3o usadas e como controlar as suas prefer\u00eancias de cookies. Para obter mais informa\u00e7\u00f5es sobre como usamos, armazenamos e mantemos seus dados pessoais seguros, consulte nossa Pol\u00edtica de Privacidade. Voc\u00ea pode a qualquer momento alterar ou retirar seu consentimento da Declara\u00e7\u00e3o de Cookies em nosso siteSaiba mais sobre quem somos, como voc\u00ea pode entrar em contato conosco e como processamos dados pessoais em nossa Pol\u00edtica de Privacidade.O seu consentimento aplica-se exclusivamente ao dom\u00ednio nra.pt<\/div>\n<div>[user_consent_state]<\/div>\n<h3><\/h3>\n<h3>O que s\u00e3o cookies?<\/h3>\n<div style=\"text-align: justify;\">Cookies s\u00e3o pequenos arquivos de texto que s\u00e3o usados para armazenar pequenas informa\u00e7\u00f5es. Eles s\u00e3o armazenados no seu dispositivo quando o site \u00e9 carregado no seu navegador. Esses cookies nos ajudam a fazer o site funcionar corretamente, torn\u00e1-lo mais seguro, fornecer uma melhor experi\u00eancia ao utilizador e entender como o site funciona e analisar o que funciona e onde precisa ser melhorado.<\/div>\n<h3><\/h3>\n<h3>Como utilizamos os cookies?<\/h3>\n<div style=\"text-align: justify;\">Como a maioria dos servi\u00e7os online, o NRA usa cookies pr\u00f3prios e de terceiros para diversos fins. Os cookies prim\u00e1rios s\u00e3o principalmente necess\u00e1rios para que o site funcione da maneira correta e n\u00e3o recolhem nenhum dos seus dados de identifica\u00e7\u00e3o pessoal.<\/div>\n<div><\/div>\n<div style=\"text-align: justify;\">Os cookies de terceiros usados no nosso site s\u00e3o principalmente para entender como o site funciona, como voc\u00ea interage com nosso site, manter os nossos servi\u00e7os seguros e, em suma, prestar-lhe,a si utilizador, uma melhor experi\u00eancia e ajudar a acelerar as suas futuras intera\u00e7\u00f5es com nosso site.<\/div>\n<h3><\/h3>\n<h3>Que tipo de cookies utilizamos?<\/h3>\n<div style=\"text-align: justify;\">Essencial: Alguns cookies s\u00e3o essenciais para que voc\u00ea possa experimentar todas as funcionalidades do nosso site. Eles nos permitem manter as sess\u00f5es de utilizador e evitar quaisquer amea\u00e7as de seguran\u00e7a. Eles n\u00e3o coletam ou armazenam nenhuma informa\u00e7\u00e3o pessoal. Por exemplo, esses cookies permitem que voc\u00ea fa\u00e7a login em sua conta com seguran\u00e7a.<\/div>\n<div><\/div>\n<div style=\"text-align: justify;\">Estat\u00edsticas: Esses cookies armazenam informa\u00e7\u00f5es como o n\u00famero de visitantes do site, o n\u00famero de visitantes \u00fanicos, quais p\u00e1ginas do site foram visitadas, a fonte da visita etc. Esses dados nos ajudam a entender e analisar o desempenho do site e onde precisa de melhorias.<\/div>\n<\/div>\n<div><\/div>\n<div style=\"text-align: justify;\">Marketing: N\u00e3o s\u00e3o utilizados no nosso site.<\/div>\n<div class=\"cli_pg_page_contaner\">\n<div><\/div>\n<div style=\"text-align: justify;\">Funcionais: S\u00e3o os cookies que auxiliam algumas funcionalidades n\u00e3o essenciais em nosso site. Essas funcionalidades incluem incorporar conte\u00fado como v\u00eddeos ou compartilhar conte\u00fado do site em plataformas de m\u00eddia social.<\/div>\n<div><\/div>\n<div style=\"text-align: justify;\">Prefer\u00eancias: Esses cookies nos ajudam a armazenar suas configura\u00e7\u00f5es e prefer\u00eancias de navega\u00e7\u00e3o, como prefer\u00eancias de idioma, para que voc\u00ea tenha uma experi\u00eancia melhor e eficiente em futuras visitas ao site.<\/div>\n<div><\/div>\n<div>[cookie_audit columns=&#8221;cookie,description&#8221; heading=&#8221;A lista abaixo detalha os cookies usados no nosso site.&#8221;]\n<\/div>\n<h3>Como posso controlar as prefer\u00eancias de cookies?<\/h3>\n<div style=\"text-align: justify;\">Caso decida alterar suas prefer\u00eancias posteriormente durante sua sess\u00e3o de navega\u00e7\u00e3o, voc\u00ea pode clicar na guia &#8220;Pol\u00edtica de Privacidade e Cookies&#8221; na tela. Isso exibir\u00e1 o aviso de consentimento novamente, permitindo que voc\u00ea altere suas prefer\u00eancias ou retire totalmente seu consentimento.<\/div>\n<\/div>\n<div><\/div>\n<div style=\"text-align: justify;\">Al\u00e9m disso, diferentes navegadores fornecem m\u00e9todos diferentes para bloquear e excluir cookies usados por sites. Voc\u00ea pode alterar as configura\u00e7\u00f5es do seu navegador para bloquear\/excluir os cookies. Para saber mais sobre como gerenciar e excluir cookies, visite wikipedia.org ou www.allaboutcookies.org.<\/div>\n","protected":false},"excerpt":{"rendered":"<p>Acerca desta pol\u00edtica de cookies Esta Pol\u00edtica de Cookies explica o que s\u00e3o cookies e como os usamos no NRA,<\/p>\n","protected":false},"author":1,"featured_media":0,"parent":0,"menu_order":0,"comment_status":"closed","ping_status":"closed","template":"","meta":{"colormag_page_container_layout":"default_layout","colormag_page_sidebar_layout":"default_layout","footnotes":""},"class_list":["post-1367","page","type-page","status-publish","hentry"],"publishpress_future_workflow_manual_trigger":{"enabledWorkflows":[]},"_links":{"self":[{"href":"https:\/\/nra.pt\/index.php\/wp-json\/wp\/v2\/pages\/1367","targetHints":{"allow":["GET"]}}],"collection":[{"href":"https:\/\/nra.pt\/index.php\/wp-json\/wp\/v2\/pages"}],"about":[{"href":"https:\/\/nra.pt\/index.php\/wp-json\/wp\/v2\/types\/page"}],"author":[{"embeddable":true,"href":"https:\/\/nra.pt\/index.php\/wp-json\/wp\/v2\/users\/1"}],"replies":[{"embeddable":true,"href":"https:\/\/nra.pt\/index.php\/wp-json\/wp\/v2\/comments?post=1367"}],"version-history":[{"count":8,"href":"https:\/\/nra.pt\/index.php\/wp-json\/wp\/v2\/pages\/1367\/revisions"}],"predecessor-version":[{"id":1380,"href":"https:\/\/nra.pt\/index.php\/wp-json\/wp\/v2\/pages\/1367\/revisions\/1380"}],"wp:attachment":[{"href":"https:\/\/nra.pt\/index.php\/wp-json\/wp\/v2\/media?parent=1367"}],"curies":[{"name":"wp","href":"https:\/\/api.w.org\/{rel}","templated":true}]}}